{"id":14092,"date":"2019-03-05T17:31:17","date_gmt":"2019-03-05T17:31:17","guid":{"rendered":"https:\/\/pregler-immobilien.com\/consejos-practicos\/"},"modified":"2026-01-12T14:22:23","modified_gmt":"2026-01-12T14:22:23","slug":"praktische-fakten","status":"publish","type":"page","link":"https:\/\/pregler-immobilien.com\/de\/praktische-fakten\/","title":{"rendered":"Praktische Fakten"},"content":{"rendered":"<p>[vc_row][vc_column][vc_empty_space height=&#8220;50px&#8220;][\/vc_column][\/vc_row][vc_row][vc_column width=&#8220;2\/3&#8243;][vc_column_text]Um eine Immobilie zu erwerben, ben\u00f6tigen Sie eine NIE (n\u00famero de identificaci\u00f3n de extranjero), das ist eine obligatorische Steuernummer f\u00fcr Ausl\u00e4nder. Mit der Beantragung derer k\u00f6nnen Sie einen Anwalt beauftragen, oder es selbst \u00fcber das Internet in die Hand nehmen.<\/p>\n<p>Grunds\u00e4tzlich legen es wir einem jeden Kunden nahe, einen juristischen Beistand zu w\u00e4hlen.<\/p>\n<p>Ich empfehle gern unseren versierten, auf Immobilienrecht spezialisierten Anwalt, der Sie umfassend ber\u00e4t. Er pr\u00fcft die Immobilie auf Herz und Nieren, auf Lastenfreiheit, dass keine Rechte Dritter bestehen, die \u00dcbereinstimmung und Registrierung in Grundbuch und Katasteramt, dass keine Anzeigen vorliegen, Legalit\u00e4t des Objektes, Baubaubarkeit, Grundst\u00fccksgrenzen, etc. Er verfasst den Optionsvertrag, der meist mit einer 10%igen Anzahlung des Kaufpreises der Immobilie einhergeht und begleitet Sie selbstverst\u00e4ndlich mit zum Notar.<\/p>\n<p>Die Maklercourtage tr\u00e4gt in den meisten F\u00e4llen der Verk\u00e4ufer.<\/p>\n<p>Beim Notar geht die Immobilie nach vollst\u00e4ndiger Bezahlung direkt in Ihren Besitz \u00fcber.[\/vc_column_text][vc_empty_space height=&#8220;10px&#8220;][\/vc_column][vc_column width=&#8220;1\/3&#8243;][vc_single_image image=&#8220;13914&#8243; img_size=&#8220;medium&#8220; alignment=&#8220;center&#8220;][\/vc_column][\/vc_row]<\/p>\n","protected":false},"excerpt":{"rendered":"<p>[vc_row][vc_column][vc_empty_space height=&#8220;50px&#8220;][\/vc_column][\/vc_row][vc_row][vc_column width=&#8220;2\/3&#8243;][vc_column_text]Um eine Immobilie zu erwerben, ben\u00f6tigen Sie eine NIE (n\u00famero de identificaci\u00f3n de extranjero), das ist eine obligatorische Steuernummer f\u00fcr Ausl\u00e4nder. Mit der Beantragung derer k\u00f6nnen Sie einen Anwalt beauftragen, oder es selbst \u00fcber das Internet in die Hand nehmen. Grunds\u00e4tzlich legen es wir einem jeden Kunden nahe, einen juristischen Beistand zu w\u00e4hlen. &hellip; <br \/><a href=\"https:\/\/pregler-immobilien.com\/de\/praktische-fakten\/\" class=\"more-link\">Continue reading <span class=\"screen-reader-text\">Praktische Fakten<\/span><\/a><\/p>\n","protected":false},"author":1,"featured_media":0,"parent":0,"menu_order":0,"comment_status":"closed","ping_status":"closed","template":"","meta":{"footnotes":""},"class_list":["post-14092","page","type-page","status-publish","hentry"],"_links":{"self":[{"href":"https:\/\/pregler-immobilien.com\/de\/wp-json\/wp\/v2\/pages\/14092","targetHints":{"allow":["GET"]}}],"collection":[{"href":"https:\/\/pregler-immobilien.com\/de\/wp-json\/wp\/v2\/pages"}],"about":[{"href":"https:\/\/pregler-immobilien.com\/de\/wp-json\/wp\/v2\/types\/page"}],"author":[{"embeddable":true,"href":"https:\/\/pregler-immobilien.com\/de\/wp-json\/wp\/v2\/users\/1"}],"replies":[{"embeddable":true,"href":"https:\/\/pregler-immobilien.com\/de\/wp-json\/wp\/v2\/comments?post=14092"}],"version-history":[{"count":5,"href":"https:\/\/pregler-immobilien.com\/de\/wp-json\/wp\/v2\/pages\/14092\/revisions"}],"predecessor-version":[{"id":24260,"href":"https:\/\/pregler-immobilien.com\/de\/wp-json\/wp\/v2\/pages\/14092\/revisions\/24260"}],"wp:attachment":[{"href":"https:\/\/pregler-immobilien.com\/de\/wp-json\/wp\/v2\/media?parent=14092"}],"curies":[{"name":"wp","href":"https:\/\/api.w.org\/{rel}","templated":true}]}}