{"id":14094,"date":"2019-03-05T17:31:22","date_gmt":"2019-03-05T17:31:22","guid":{"rendered":"https:\/\/pregler-immobilien.com\/construccion\/"},"modified":"2026-01-12T14:11:57","modified_gmt":"2026-01-12T14:11:57","slug":"hausbau","status":"publish","type":"page","link":"https:\/\/pregler-immobilien.com\/de\/hausbau\/","title":{"rendered":"Hausbau"},"content":{"rendered":"<p>[vc_row][vc_column][vc_empty_space height=&#8220;50px&#8220;][\/vc_column][\/vc_row][vc_row][vc_column width=&#8220;2\/3&#8243;][vc_column_text]Oder wollen Sie bauen, sanieren, renovieren, dekorieren? Auch hierbei sind wir gern Ihr Partner, wenn uns Geschmack und Sympathie verbinden.<\/p>\n<p>Mit unserem erfahrenen, zuverl\u00e4ssigen, mallorquinischen Bauunternehmen begleiten wir die Entwicklung Ihres Traumhauses. Sie m\u00fcssen nicht vor Ort sein, wir senden regelm\u00e4ssig Fotos vom Baufortschritt und kommunizieren mit Ihnen. Wir reichen die Baugenehmigung ein und begleiten den Bau bis zur Final de Obra, der Bauabnahme.<\/p>\n<p>Unser Architekt plant und zeichnet f\u00fcr Sie was gef\u00e4llt und was erlaubt ist, ob puristisch-modern, urig rustikal oder eine charmante Mischung aus beidem. Die technische Seite, durch einen hier notwendigen Aparejador, wird von uns ebenfalls abgedeckt.<\/p>\n<p>Wir machen unsere Arbeit mit Verantwortung und Disziplin, im vereinbarten Zeitrahmen, mit Qualit\u00e4t und Herz.[\/vc_column_text][vc_empty_space height=&#8220;10px&#8220;][\/vc_column][vc_column width=&#8220;1\/3&#8243;][vc_single_image image=&#8220;24191&#8243; img_size=&#8220;full&#8220;][\/vc_column][\/vc_row]<\/p>\n","protected":false},"excerpt":{"rendered":"<p>[vc_row][vc_column][vc_empty_space height=&#8220;50px&#8220;][\/vc_column][\/vc_row][vc_row][vc_column width=&#8220;2\/3&#8243;][vc_column_text]Oder wollen Sie bauen, sanieren, renovieren, dekorieren? Auch hierbei sind wir gern Ihr Partner, wenn uns Geschmack und Sympathie verbinden. Mit unserem erfahrenen, zuverl\u00e4ssigen, mallorquinischen Bauunternehmen begleiten wir die Entwicklung Ihres Traumhauses. Sie m\u00fcssen nicht vor Ort sein, wir senden regelm\u00e4ssig Fotos vom Baufortschritt und kommunizieren mit Ihnen. Wir reichen die Baugenehmigung ein &hellip; <br \/><a href=\"https:\/\/pregler-immobilien.com\/de\/hausbau\/\" class=\"more-link\">Continue reading <span class=\"screen-reader-text\">Hausbau<\/span><\/a><\/p>\n","protected":false},"author":1,"featured_media":0,"parent":0,"menu_order":0,"comment_status":"closed","ping_status":"closed","template":"","meta":{"footnotes":""},"class_list":["post-14094","page","type-page","status-publish","hentry"],"_links":{"self":[{"href":"https:\/\/pregler-immobilien.com\/de\/wp-json\/wp\/v2\/pages\/14094","targetHints":{"allow":["GET"]}}],"collection":[{"href":"https:\/\/pregler-immobilien.com\/de\/wp-json\/wp\/v2\/pages"}],"about":[{"href":"https:\/\/pregler-immobilien.com\/de\/wp-json\/wp\/v2\/types\/page"}],"author":[{"embeddable":true,"href":"https:\/\/pregler-immobilien.com\/de\/wp-json\/wp\/v2\/users\/1"}],"replies":[{"embeddable":true,"href":"https:\/\/pregler-immobilien.com\/de\/wp-json\/wp\/v2\/comments?post=14094"}],"version-history":[{"count":6,"href":"https:\/\/pregler-immobilien.com\/de\/wp-json\/wp\/v2\/pages\/14094\/revisions"}],"predecessor-version":[{"id":24252,"href":"https:\/\/pregler-immobilien.com\/de\/wp-json\/wp\/v2\/pages\/14094\/revisions\/24252"}],"wp:attachment":[{"href":"https:\/\/pregler-immobilien.com\/de\/wp-json\/wp\/v2\/media?parent=14094"}],"curies":[{"name":"wp","href":"https:\/\/api.w.org\/{rel}","templated":true}]}}