{"id":14098,"date":"2019-03-05T17:31:38","date_gmt":"2019-03-05T17:31:38","guid":{"rendered":"https:\/\/pregler-immobilien.com\/contacto\/"},"modified":"2019-06-27T09:34:18","modified_gmt":"2019-06-27T09:34:18","slug":"kontakt","status":"publish","type":"page","link":"https:\/\/pregler-immobilien.com\/de\/kontakt\/","title":{"rendered":"Kontakt"},"content":{"rendered":"<p>[vc_row][vc_column][vc_empty_space height=&#8220;60px&#8220;][\/vc_column][\/vc_row][vc_row][vc_column width=&#8220;1\/2&#8243;][apus_title_heading title=&#8220;Kontakt&#8220; descript=&#8220;Bitte f\u00fcllen Sie das folgende Formular so vollst\u00e4ndig wie m\u00f6glich aus.<br \/>\nIhre Daten werden vertraulich behandelt und nicht an Dritte weitergegeben.<br \/>\nFelder, die mit einem * gekennzeichnet sind, m\u00fcssen ausgef\u00fcllt werden.&#8220;][vc_empty_space height=&#8220;20px&#8220;][vc_column_text]<\/p>\n<div class=\"wrapper-contact-us\">\n<div class=\"item\">\n<div class=\"title\">Direcci\u00f3n:<\/div>\n<p>Finca &#8222;Els Auballons&#8220;<br \/>\nApartado de correos 25<br \/>\nE-07240 Sant Joan<\/p>\n<\/div>\n<div class=\"item\">\n<div class=\"title\">Tel\u00e9fono:<\/div>\n<p>(+34) 667-078 450<\/p>\n<\/div>\n<div class=\"item\">\n<div class=\"title\">Web:<\/div>\n<p>pregler-immobilien.com<\/p>\n<\/div>\n<div class=\"item\">\n<div class=\"title\">E-Mail:<br \/>\nsale@pregler-immobilien.com<\/div>\n<\/div>\n<\/div>\n<p>[\/vc_column_text][vc_empty_space height=&#8220;20px&#8220;][\/vc_column][vc_column width=&#8220;1\/2&#8243;]\n<div class=\"wpcf7 no-js\" id=\"wpcf7-f14272-o1\" lang=\"en-US\" dir=\"ltr\" data-wpcf7-id=\"14272\">\n<div class=\"screen-reader-response\"><p role=\"status\" aria-live=\"polite\" aria-atomic=\"true\"><\/p> <ul><\/ul><\/div>\n<form action=\"\/de\/wp-json\/wp\/v2\/pages\/14098#wpcf7-f14272-o1\" method=\"post\" class=\"wpcf7-form init\" aria-label=\"Contact form\" novalidate=\"novalidate\" data-status=\"init\">\n<fieldset class=\"hidden-fields-container\"><input type=\"hidden\" name=\"_wpcf7\" value=\"14272\" \/><input type=\"hidden\" name=\"_wpcf7_version\" value=\"6.1.5\" \/><input type=\"hidden\" name=\"_wpcf7_locale\" value=\"en_US\" \/><input type=\"hidden\" name=\"_wpcf7_unit_tag\" value=\"wpcf7-f14272-o1\" \/><input type=\"hidden\" name=\"_wpcf7_container_post\" value=\"0\" \/><input type=\"hidden\" name=\"_wpcf7_posted_data_hash\" value=\"\" \/><input type=\"hidden\" name=\"_wpcf7_recaptcha_response\" value=\"\" \/>\n<\/fieldset>\n<p><label>Name<\/label><br \/>\n<span class=\"wpcf7-form-control-wrap\" data-name=\"your-name\"><input size=\"40\" maxlength=\"400\" class=\"wpcf7-form-control wpcf7-text wpcf7-validates-as-required form-control\" aria-required=\"true\" aria-invalid=\"false\" value=\"\" type=\"text\" name=\"your-name\" \/><\/span>\n<\/p>\n<p><label>Email <\/label><br \/>\n<span class=\"wpcf7-form-control-wrap\" data-name=\"your-email\"><input size=\"40\" maxlength=\"400\" class=\"wpcf7-form-control wpcf7-email wpcf7-validates-as-required wpcf7-text wpcf7-validates-as-email form-control\" aria-required=\"true\" aria-invalid=\"false\" value=\"\" type=\"email\" name=\"your-email\" \/><\/span>\n<\/p>\n<p><label>Telefon<\/label><br \/>\n<span class=\"wpcf7-form-control-wrap\" data-name=\"your-subject\"><input size=\"40\" maxlength=\"400\" class=\"wpcf7-form-control wpcf7-text form-control\" aria-invalid=\"false\" value=\"\" type=\"text\" name=\"your-subject\" \/><\/span>\n<\/p>\n<p><label>Nachricht<\/label><br \/>\n<span class=\"wpcf7-form-control-wrap\" data-name=\"your-message\"><textarea cols=\"40\" rows=\"10\" maxlength=\"2000\" class=\"wpcf7-form-control wpcf7-textarea form-control\" aria-invalid=\"false\" name=\"your-message\"><\/textarea><\/span><br \/>\n<input class=\"wpcf7-form-control wpcf7-submit has-spinner btn btn-lg btn-second\" type=\"submit\" value=\"Senden\" \/>\n<\/p><p style=\"display: none !important;\" class=\"akismet-fields-container\" data-prefix=\"_wpcf7_ak_\"><label>&#916;<textarea name=\"_wpcf7_ak_hp_textarea\" cols=\"45\" rows=\"8\" maxlength=\"100\"><\/textarea><\/label><input type=\"hidden\" id=\"ak_js_1\" name=\"_wpcf7_ak_js\" value=\"23\"\/><script>document.getElementById( \"ak_js_1\" ).setAttribute( \"value\", ( new Date() ).getTime() );<\/script><\/p><div class=\"wpcf7-response-output\" aria-hidden=\"true\"><\/div>\n<\/form>\n<\/div>\n[vc_empty_space height=&#8220;20px&#8220;][\/vc_column][\/vc_row]<\/p>\n","protected":false},"excerpt":{"rendered":"<p>[vc_row][vc_column][vc_empty_space height=&#8220;60px&#8220;][\/vc_column][\/vc_row][vc_row][vc_column width=&#8220;1\/2&#8243;][apus_title_heading title=&#8220;Kontakt&#8220; descript=&#8220;Bitte f\u00fcllen Sie das folgende Formular so vollst\u00e4ndig wie m\u00f6glich aus. Ihre Daten werden vertraulich behandelt und nicht an Dritte weitergegeben. Felder, die mit einem * gekennzeichnet sind, m\u00fcssen ausgef\u00fcllt werden.&#8220;][vc_empty_space height=&#8220;20px&#8220;][vc_column_text] Direcci\u00f3n: Finca &#8222;Els Auballons&#8220; Apartado de correos 25 E-07240 Sant Joan Tel\u00e9fono: (+34) 667-078 450 Web: pregler-immobilien.com E-Mail: sale@pregler-immobilien.com &hellip; <br \/><a href=\"https:\/\/pregler-immobilien.com\/de\/kontakt\/\" class=\"more-link\">Continue reading <span class=\"screen-reader-text\">Kontakt<\/span><\/a><\/p>\n","protected":false},"author":1,"featured_media":0,"parent":0,"menu_order":0,"comment_status":"closed","ping_status":"closed","template":"","meta":{"footnotes":""},"class_list":["post-14098","page","type-page","status-publish","hentry"],"_links":{"self":[{"href":"https:\/\/pregler-immobilien.com\/de\/wp-json\/wp\/v2\/pages\/14098","targetHints":{"allow":["GET"]}}],"collection":[{"href":"https:\/\/pregler-immobilien.com\/de\/wp-json\/wp\/v2\/pages"}],"about":[{"href":"https:\/\/pregler-immobilien.com\/de\/wp-json\/wp\/v2\/types\/page"}],"author":[{"embeddable":true,"href":"https:\/\/pregler-immobilien.com\/de\/wp-json\/wp\/v2\/users\/1"}],"replies":[{"embeddable":true,"href":"https:\/\/pregler-immobilien.com\/de\/wp-json\/wp\/v2\/comments?post=14098"}],"version-history":[{"count":4,"href":"https:\/\/pregler-immobilien.com\/de\/wp-json\/wp\/v2\/pages\/14098\/revisions"}],"predecessor-version":[{"id":15434,"href":"https:\/\/pregler-immobilien.com\/de\/wp-json\/wp\/v2\/pages\/14098\/revisions\/15434"}],"wp:attachment":[{"href":"https:\/\/pregler-immobilien.com\/de\/wp-json\/wp\/v2\/media?parent=14098"}],"curies":[{"name":"wp","href":"https:\/\/api.w.org\/{rel}","templated":true}]}}