{"id":14100,"date":"2019-03-05T17:31:44","date_gmt":"2019-03-05T17:31:44","guid":{"rendered":"https:\/\/pregler-immobilien.com\/financiacion\/"},"modified":"2026-01-12T14:23:41","modified_gmt":"2026-01-12T14:23:41","slug":"finanzierung","status":"publish","type":"page","link":"https:\/\/pregler-immobilien.com\/de\/finanzierung\/","title":{"rendered":"Finanzierung"},"content":{"rendered":"<p>[vc_row][vc_column][vc_empty_space height=&#8220;50px&#8220;][\/vc_column][\/vc_row][vc_row][vc_column width=&#8220;2\/3&#8243;][vc_column_text]Wenn Sie eine Immobilie erwerben, kommen da immer noch ein par Extrakosten dazu, keine Rose ohne Dornen&#8230;..<\/p>\n<p>Zum einen die Grunderwerbsteuer (bei Gebraucht-Immobilien), diese beginnt bei 8 % bis zu einem Wert von 400.000 \u20ac, 9 % bis 600.000 \u20ac, 10 % bis 1.000.000\u20ac, \u00fcber 1.000.000\u20ac 11 %<\/p>\n<p>ITP: Impuesto sobre Transmisiones Patrimoniales<\/p>\n<p>Bei gewerblichen Immobilien und Grundst\u00fccken f\u00e4llt Mehrwertsteuer an, 21 %.<\/p>\n<p>IVA: Impuesto sobre Valor A\u00f1adido<\/p>\n<p>Die Plusval\u00eda \u00a0\u2013 Impuesto sobre el Incremento del Valor de los Terrenos de Naturaleza Urbana (Wertzuwachssteuer) geht zu Lasten des Verk\u00e4ufers<\/p>\n<p>Zum anderen sind f\u00fcr Anwalt (Pr\u00fcfung der Immobilie) und Notar (\u00f6ffentliche Kaufurkunde) noch einmal 2 bis 3 % auf den Kaufpreis zu kalkulieren.<\/p>\n<p>Sollten Sie die Immobilie finanzieren wollen, so k\u00f6nnen Sie dies in Spanien mit einer Hypothek von einer spanischen Bank machen. Unsere Bank des Vertrauens ber\u00e4t Sie gern zu den Konditionen, koordiniert den Termin mit dem Wertgutachter und kommt mit zum Notar, wenn die Hypothek auf das Haus eingetragen wird.<\/p>\n<p>Ein Eigenkapital von 50 bis 60% ist ratsam.[\/vc_column_text][vc_empty_space height=&#8220;10px&#8220;][\/vc_column][vc_column width=&#8220;1\/3&#8243;][vc_single_image image=&#8220;13913&#8243; img_size=&#8220;medium&#8220; alignment=&#8220;center&#8220;][\/vc_column][\/vc_row]<\/p>\n","protected":false},"excerpt":{"rendered":"<p>[vc_row][vc_column][vc_empty_space height=&#8220;50px&#8220;][\/vc_column][\/vc_row][vc_row][vc_column width=&#8220;2\/3&#8243;][vc_column_text]Wenn Sie eine Immobilie erwerben, kommen da immer noch ein par Extrakosten dazu, keine Rose ohne Dornen&#8230;.. Zum einen die Grunderwerbsteuer (bei Gebraucht-Immobilien), diese beginnt bei 8 % bis zu einem Wert von 400.000 \u20ac, 9 % bis 600.000 \u20ac, 10 % bis 1.000.000\u20ac, \u00fcber 1.000.000\u20ac 11 % ITP: Impuesto sobre Transmisiones Patrimoniales &hellip; <br \/><a href=\"https:\/\/pregler-immobilien.com\/de\/finanzierung\/\" class=\"more-link\">Continue reading <span class=\"screen-reader-text\">Finanzierung<\/span><\/a><\/p>\n","protected":false},"author":1,"featured_media":0,"parent":0,"menu_order":0,"comment_status":"closed","ping_status":"closed","template":"","meta":{"footnotes":""},"class_list":["post-14100","page","type-page","status-publish","hentry"],"_links":{"self":[{"href":"https:\/\/pregler-immobilien.com\/de\/wp-json\/wp\/v2\/pages\/14100","targetHints":{"allow":["GET"]}}],"collection":[{"href":"https:\/\/pregler-immobilien.com\/de\/wp-json\/wp\/v2\/pages"}],"about":[{"href":"https:\/\/pregler-immobilien.com\/de\/wp-json\/wp\/v2\/types\/page"}],"author":[{"embeddable":true,"href":"https:\/\/pregler-immobilien.com\/de\/wp-json\/wp\/v2\/users\/1"}],"replies":[{"embeddable":true,"href":"https:\/\/pregler-immobilien.com\/de\/wp-json\/wp\/v2\/comments?post=14100"}],"version-history":[{"count":4,"href":"https:\/\/pregler-immobilien.com\/de\/wp-json\/wp\/v2\/pages\/14100\/revisions"}],"predecessor-version":[{"id":24262,"href":"https:\/\/pregler-immobilien.com\/de\/wp-json\/wp\/v2\/pages\/14100\/revisions\/24262"}],"wp:attachment":[{"href":"https:\/\/pregler-immobilien.com\/de\/wp-json\/wp\/v2\/media?parent=14100"}],"curies":[{"name":"wp","href":"https:\/\/api.w.org\/{rel}","templated":true}]}}