{"id":14102,"date":"2019-03-05T17:31:52","date_gmt":"2019-03-05T17:31:52","guid":{"rendered":"https:\/\/pregler-immobilien.com\/inicio\/"},"modified":"2026-01-16T11:29:03","modified_gmt":"2026-01-16T11:29:03","slug":"inicio","status":"publish","type":"page","link":"https:\/\/pregler-immobilien.com\/de\/","title":{"rendered":"Home"},"content":{"rendered":"<p>[vc_row][vc_column][vc_empty_space height=&#8220;250px&#8220;][vc_column_text]<\/p>\n<p style=\"text-align: center; font-family: 'Reenie Beanie', cursive; font-size: 2em; margin: 20px;\">\u201cDas Geheimnis des Lebens liegt in der Suche nach Sch\u00f6nheit\u201c<br \/>\n<span style=\"font-size: 0.8em;\">Oscar Wilde<\/span><\/p>\n<p>[\/vc_column_text][\/vc_column][\/vc_row][vc_row full_width=&#8220;stretch_row&#8220; css=&#8220;.vc_custom_1551889831506{margin-top: 0px !important;background-color: #5d120f !important;}&#8220;][vc_column][vc_empty_space height=&#8220;25px&#8220;][vc_row_inner css=&#8220;.vc_custom_1550047409452{background-color: #5d120f !important;}&#8220;][vc_column_inner width=&#8220;2\/3&#8243;][vc_column_text]2002 rief ich nach einigen Jahren Immobilienerfahrung meine eigene Firma ins Leben. Das war nicht nur eine gegl\u00fcckte Gesch\u00e4ftsidee, sondern eine Entscheidung aus Leidenschaft, denn ich weiss wie es sich anf\u00fchlt, ein Refugium zu haben, einen Ort des R\u00fcckzuges, ein Zuhause.<\/p>\n<p>Meine Freude ist es, einen jeden meiner Kunden pers\u00f6nlich kennen zu lernen, genau zu zuh\u00f6ren und konkret auf seine individuellen, realistischen Immobilienw\u00fcnsche einzugehen. Wir &#8211; ein buntes Team aus verschiedenen Mitarbeitern &#8211; haben es uns zum Gesetz gemacht, unseren besonderen Kunden bei der Realisierung ihres Traumes zu helfen, auf dieser magischen Insel der Sonne, der Sandstr\u00e4nde, der Mandelbl\u00fcte, der feisten Feigenb\u00e4ume, des Schaftgl\u00f6ckchengebimmels, der duftenden Orangenb\u00e4ume, der Mallorquiner mit ihren Br\u00e4uchen und Festen und W\u00fcrsten und all der wunderbaren Vielfalt.<\/p>\n<p>Wir setzen unsere Internetzpr\u00e4senz dezent ein, denn wir bevorzugen Qualit\u00e4t statt Quantit\u00e4t, Individualismus statt Masse. Unser Fokus liegt auf der Inselmitte, weil wir lieben hier zu leben. Wir k\u00f6nnen nicht alle gl\u00fccklich machen, aber diejenigen die das Passende bei uns finden, werden gl\u00fccklich und nach wie vor ist es unser gr\u00f6sstes Kompliment, wenn uns unsere zufriedenen Kunden weiterhin weiter empfehlen.<\/p>\n<p>&nbsp;<\/p>\n<p>Ich freue mich l\u00e4chelnd auf Sie!<br \/>\n[\/vc_column_text][vc_column_text]<\/p>\n<p style=\"font-family: 'Reenie Beanie', cursive; font-size: 22px; text-align: left;\"><strong><span style=\"color: #ddb700;\"><em>Beate Pregler<\/em><\/span><\/strong><\/p>\n<p>[\/vc_column_text][\/vc_column_inner][vc_column_inner width=&#8220;1\/3&#8243;][vc_single_image image=&#8220;24226&#8243; img_size=&#8220;medium&#8220; alignment=&#8220;right&#8220;][\/vc_column_inner][\/vc_row_inner][vc_empty_space height=&#8220;25px&#8220;][\/vc_column][\/vc_row][vc_row][vc_column][\/vc_column][\/vc_row]<\/p>\n","protected":false},"excerpt":{"rendered":"<p>[vc_row][vc_column][vc_empty_space height=&#8220;250px&#8220;][vc_column_text] \u201cDas Geheimnis des Lebens liegt in der Suche nach Sch\u00f6nheit\u201c Oscar Wilde [\/vc_column_text][\/vc_column][\/vc_row][vc_row full_width=&#8220;stretch_row&#8220; css=&#8220;.vc_custom_1551889831506{margin-top: 0px !important;background-color: #5d120f !important;}&#8220;][vc_column][vc_empty_space height=&#8220;25px&#8220;][vc_row_inner css=&#8220;.vc_custom_1550047409452{background-color: #5d120f !important;}&#8220;][vc_column_inner width=&#8220;2\/3&#8243;][vc_column_text]2002 rief ich nach einigen Jahren Immobilienerfahrung meine eigene Firma ins Leben. Das war nicht nur eine gegl\u00fcckte Gesch\u00e4ftsidee, sondern eine Entscheidung aus Leidenschaft, denn ich weiss wie es sich &hellip; <br \/><a href=\"https:\/\/pregler-immobilien.com\/de\/\" class=\"more-link\">Continue reading <span class=\"screen-reader-text\">Home<\/span><\/a><\/p>\n","protected":false},"author":1,"featured_media":0,"parent":0,"menu_order":0,"comment_status":"closed","ping_status":"closed","template":"","meta":{"footnotes":""},"class_list":["post-14102","page","type-page","status-publish","hentry"],"_links":{"self":[{"href":"https:\/\/pregler-immobilien.com\/de\/wp-json\/wp\/v2\/pages\/14102","targetHints":{"allow":["GET"]}}],"collection":[{"href":"https:\/\/pregler-immobilien.com\/de\/wp-json\/wp\/v2\/pages"}],"about":[{"href":"https:\/\/pregler-immobilien.com\/de\/wp-json\/wp\/v2\/types\/page"}],"author":[{"embeddable":true,"href":"https:\/\/pregler-immobilien.com\/de\/wp-json\/wp\/v2\/users\/1"}],"replies":[{"embeddable":true,"href":"https:\/\/pregler-immobilien.com\/de\/wp-json\/wp\/v2\/comments?post=14102"}],"version-history":[{"count":17,"href":"https:\/\/pregler-immobilien.com\/de\/wp-json\/wp\/v2\/pages\/14102\/revisions"}],"predecessor-version":[{"id":24277,"href":"https:\/\/pregler-immobilien.com\/de\/wp-json\/wp\/v2\/pages\/14102\/revisions\/24277"}],"wp:attachment":[{"href":"https:\/\/pregler-immobilien.com\/de\/wp-json\/wp\/v2\/media?parent=14102"}],"curies":[{"name":"wp","href":"https:\/\/api.w.org\/{rel}","templated":true}]}}